{"id":538,"date":"2020-02-21T15:59:09","date_gmt":"2020-02-21T15:59:09","guid":{"rendered":"https:\/\/luismborges.com\/maee\/?page_id=538"},"modified":"2020-02-21T16:29:05","modified_gmt":"2020-02-21T16:29:05","slug":"dissertacoes-relatorios-e-teses","status":"publish","type":"page","link":"https:\/\/www.luismborges.com\/maee\/dissertacoes-relatorios-e-teses\/","title":{"rendered":"Disserta\u00e7\u00f5es, Relat\u00f3rios e Teses"},"content":{"rendered":"\t\t<div data-elementor-type=\"wp-post\" data-elementor-id=\"538\" class=\"elementor elementor-538\">\n\t\t\t\t\t\t<section class=\"elementor-section elementor-top-section elementor-element elementor-element-92d65c9 elementor-section-boxed elementor-section-height-default elementor-section-height-default\" data-id=\"92d65c9\" data-element_type=\"section\">\n\t\t\t\t\t\t<div class=\"elementor-container elementor-column-gap-default\">\n\t\t\t\t\t<div class=\"elementor-column elementor-col-100 elementor-top-column elementor-element elementor-element-c678404\" data-id=\"c678404\" data-element_type=\"column\">\n\t\t\t<div class=\"elementor-widget-wrap elementor-element-populated\">\n\t\t\t\t\t\t<div class=\"elementor-element elementor-element-36fe18d elementor-invisible elementor-widget elementor-widget-heading\" data-id=\"36fe18d\" data-element_type=\"widget\" data-settings=\"{&quot;_animation&quot;:&quot;fadeIn&quot;}\" data-widget_type=\"heading.default\">\n\t\t\t\t<div class=\"elementor-widget-container\">\n\t\t\t\t\t<h2 class=\"elementor-heading-title elementor-size-default\"><br><strong style=\"font-size: 36px;white-space: normal\">Disserta\u00e7\u00f5es de mestrado e Relat\u00f3rios de Est\u00e1gio<\/strong><\/h2>\t\t\t\t<\/div>\n\t\t\t\t<\/div>\n\t\t\t\t<div class=\"elementor-element elementor-element-29361c1 elementor-invisible elementor-widget elementor-widget-text-editor\" data-id=\"29361c1\" data-element_type=\"widget\" data-settings=\"{&quot;_animation&quot;:&quot;fadeIn&quot;}\" data-widget_type=\"text-editor.default\">\n\t\t\t\t<div class=\"elementor-widget-container\">\n\t\t\t\t\t\t\t\t\t<p>Azinheiro, C. (2019). <em>V\u00e1rios curr\u00edculos para todos e cada um. Projeto de autonomia e flexibilidade <\/em>curricular (Relat\u00f3rio de Est\u00e1gio). Universidade de Coimbra, Coimbra.<\/p><p>\u00a0<\/p><p>Castilho, A. (2019). <em>Avalia\u00e7\u00e3o de Escolas do Ensino Art\u00edstico e suas especificidades <\/em>(Relat\u00f3rio de Est\u00e1gio). Universidade de Coimbra, Coimbra.<\/p><p>\u00a0<\/p><p>Maia, I. B. (2019). <em>Globaliza\u00e7\u00e3o e pol\u00edticas de accountability: um estudo explorat\u00f3rio no contexto da Avalia\u00e7\u00e3o Externa das Escolas<\/em>. (Disserta\u00e7\u00e3o de mestrado). Universidade do Minho, Braga.<\/p><p>\u00a0<\/p><p>Cotrim, A. J. A. (2019). <em>Avalia\u00e7\u00e3o Externa de Escolas: construindo um percurso<\/em>. (Disserta\u00e7\u00e3o de mestrado). Universidade de \u00c9vora, \u00c9vora.<\/p><p>\u00a0<\/p><p>Nogueira, S. M. R (2019). <em>Implementa\u00e7\u00e3o do EQAVET. Contributos para um sistema de qualidade numa escola profissional. <\/em>(Disserta\u00e7\u00e3o de mestrado). Universidade de \u00c9vora, \u00c9vora.<\/p><p>\u00a0<\/p>\t\t\t\t\t\t\t\t<\/div>\n\t\t\t\t<\/div>\n\t\t\t\t<div class=\"elementor-element elementor-element-a94e17f elementor-invisible elementor-widget elementor-widget-heading\" data-id=\"a94e17f\" data-element_type=\"widget\" data-settings=\"{&quot;_animation&quot;:&quot;fadeIn&quot;}\" data-widget_type=\"heading.default\">\n\t\t\t\t<div class=\"elementor-widget-container\">\n\t\t\t\t\t<h2 class=\"elementor-heading-title elementor-size-default\"><strong style=\"font-size: 36px;white-space: normal\">Teses de Doutoramento<\/strong><\/h2>\t\t\t\t<\/div>\n\t\t\t\t<\/div>\n\t\t\t\t<div class=\"elementor-element elementor-element-88b3c9a elementor-invisible elementor-widget elementor-widget-text-editor\" data-id=\"88b3c9a\" data-element_type=\"widget\" data-settings=\"{&quot;_animation&quot;:&quot;fadeIn&quot;}\" data-widget_type=\"text-editor.default\">\n\t\t\t\t<div class=\"elementor-widget-container\">\n\t\t\t\t\t\t\t\t\t<p>Amaral, M. (2019). <em>Supervis\u00e3o pedag\u00f3gica, avalia\u00e7\u00e3o e efic\u00e1cia das escolas<\/em> (Tese de Doutoramento). Universidade de Coimbra, Coimbra.<\/p><p>\u00a0<\/p><p>Lopes, \u00c9. C. (2019). <em>Lideran\u00e7a e supervis\u00e3o pedag\u00f3gica no \u00e2mbito da avalia\u00e7\u00e3o do desempenho docente: Da perce\u00e7\u00e3o dos diretores \u00e0 autoefic\u00e1cia dos professores<\/em> (Tese de Doutoramento). Universidade de Coimbra, Coimbra.<\/p><p>\u00a0<\/p><p>\u00a0<\/p>\t\t\t\t\t\t\t\t<\/div>\n\t\t\t\t<\/div>\n\t\t\t\t\t<\/div>\n\t\t<\/div>\n\t\t\t\t\t<\/div>\n\t\t<\/section>\n\t\t\t\t<\/div>\n\t\t","protected":false},"excerpt":{"rendered":"<p>Disserta\u00e7\u00f5es de mestrado e Relat\u00f3rios de Est\u00e1gio Azinheiro, C. (2019). V\u00e1rios curr\u00edculos para todos e cada um. Projeto de autonomia e flexibilidade curricular (Relat\u00f3rio de Est\u00e1gio). Universidade de Coimbra, Coimbra. \u00a0 Castilho, A. (2019). Avalia\u00e7\u00e3o de Escolas do Ensino Art\u00edstico e suas especificidades (Relat\u00f3rio de Est\u00e1gio). Universidade de Coimbra, Coimbra. \u00a0 Maia, I. B. (2019). [&hellip;]<\/p>\n","protected":false},"author":1,"featured_media":0,"parent":0,"menu_order":0,"comment_status":"closed","ping_status":"closed","template":"elementor_header_footer","meta":{"footnotes":""},"class_list":["post-538","page","type-page","status-publish","hentry"],"_links":{"self":[{"href":"https:\/\/www.luismborges.com\/maee\/wp-json\/wp\/v2\/pages\/538","targetHints":{"allow":["GET"]}}],"collection":[{"href":"https:\/\/www.luismborges.com\/maee\/wp-json\/wp\/v2\/pages"}],"about":[{"href":"https:\/\/www.luismborges.com\/maee\/wp-json\/wp\/v2\/types\/page"}],"author":[{"embeddable":true,"href":"https:\/\/www.luismborges.com\/maee\/wp-json\/wp\/v2\/users\/1"}],"replies":[{"embeddable":true,"href":"https:\/\/www.luismborges.com\/maee\/wp-json\/wp\/v2\/comments?post=538"}],"version-history":[{"count":17,"href":"https:\/\/www.luismborges.com\/maee\/wp-json\/wp\/v2\/pages\/538\/revisions"}],"predecessor-version":[{"id":578,"href":"https:\/\/www.luismborges.com\/maee\/wp-json\/wp\/v2\/pages\/538\/revisions\/578"}],"wp:attachment":[{"href":"https:\/\/www.luismborges.com\/maee\/wp-json\/wp\/v2\/media?parent=538"}],"curies":[{"name":"wp","href":"https:\/\/api.w.org\/{rel}","templated":true}]}}