{"id":527,"date":"2020-02-21T15:45:48","date_gmt":"2020-02-21T15:45:48","guid":{"rendered":"https:\/\/luismborges.com\/maee\/?page_id=527"},"modified":"2020-02-21T16:29:34","modified_gmt":"2020-02-21T16:29:34","slug":"posters","status":"publish","type":"page","link":"https:\/\/www.luismborges.com\/maee\/posters\/","title":{"rendered":"P\u00f3steres"},"content":{"rendered":"\t\t<div data-elementor-type=\"wp-post\" data-elementor-id=\"527\" class=\"elementor elementor-527\">\n\t\t\t\t\t\t<section class=\"elementor-section elementor-top-section elementor-element elementor-element-b3cf87a elementor-section-boxed elementor-section-height-default elementor-section-height-default\" data-id=\"b3cf87a\" data-element_type=\"section\">\n\t\t\t\t\t\t<div class=\"elementor-container elementor-column-gap-default\">\n\t\t\t\t\t<div class=\"elementor-column elementor-col-100 elementor-top-column elementor-element elementor-element-1632cd1\" data-id=\"1632cd1\" data-element_type=\"column\">\n\t\t\t<div class=\"elementor-widget-wrap elementor-element-populated\">\n\t\t\t\t\t\t<div class=\"elementor-element elementor-element-fdac626 elementor-invisible elementor-widget elementor-widget-heading\" data-id=\"fdac626\" data-element_type=\"widget\" data-settings=\"{&quot;_animation&quot;:&quot;fadeIn&quot;}\" data-widget_type=\"heading.default\">\n\t\t\t\t<div class=\"elementor-widget-container\">\n\t\t\t\t\t<h2 class=\"elementor-heading-title elementor-size-default\"><br><strong style=\"font-size: 36px;white-space: normal\">P\u00f3steres:<\/strong><\/h2>\t\t\t\t<\/div>\n\t\t\t\t<\/div>\n\t\t\t\t<div class=\"elementor-element elementor-element-5c45d6d elementor-invisible elementor-widget elementor-widget-text-editor\" data-id=\"5c45d6d\" data-element_type=\"widget\" data-settings=\"{&quot;_animation&quot;:&quot;fadeIn&quot;}\" data-widget_type=\"text-editor.default\">\n\t\t\t\t<div class=\"elementor-widget-container\">\n\t\t\t\t\t\t\t\t\t<p>Rodrigues, S. (2019, fevereiro). <em>Autonomia e flexibilidade curricular: um caminho para a inova\u00e7\u00e3o no contexto da avalia\u00e7\u00e3o das escolas<\/em>. P\u00f3ster apresentado no I Semin\u00e1rio Mecanismos de Mudan\u00e7a nas Escolas e na Inspe\u00e7\u00e3o e IV Semin\u00e1rio Observat\u00f3rio de Autoavalia\u00e7\u00e3o de Escolas, Universidade do Minho, Braga.<\/p><p>\u00a0<\/p><p>Rodrigues, E. (2019, fevereiro). <em>Impacto da avalia\u00e7\u00e3o externa de escolas na autoavalia\u00e7\u00e3o e seus efeitos na organiza\u00e7\u00e3o e gest\u00e3o curricular e pedag\u00f3gica. A perspetiva de inspetores, diretores e professores.<\/em> P\u00f3ster apresentado no I Semin\u00e1rio Mecanismos de Mudan\u00e7a nas Escolas e na Inspe\u00e7\u00e3o e IV Semin\u00e1rio Observat\u00f3rio de Autoavalia\u00e7\u00e3o de Escolas, Universidade do Minho, Braga.<\/p><p>\u00a0<\/p>\t\t\t\t\t\t\t\t<\/div>\n\t\t\t\t<\/div>\n\t\t\t\t\t<\/div>\n\t\t<\/div>\n\t\t\t\t\t<\/div>\n\t\t<\/section>\n\t\t\t\t<\/div>\n\t\t","protected":false},"excerpt":{"rendered":"<p>P\u00f3steres: Rodrigues, S. (2019, fevereiro). Autonomia e flexibilidade curricular: um caminho para a inova\u00e7\u00e3o no contexto da avalia\u00e7\u00e3o das escolas. P\u00f3ster apresentado no I Semin\u00e1rio Mecanismos de Mudan\u00e7a nas Escolas e na Inspe\u00e7\u00e3o e IV Semin\u00e1rio Observat\u00f3rio de Autoavalia\u00e7\u00e3o de Escolas, Universidade do Minho, Braga. \u00a0 Rodrigues, E. (2019, fevereiro). Impacto da avalia\u00e7\u00e3o externa de [&hellip;]<\/p>\n","protected":false},"author":1,"featured_media":0,"parent":0,"menu_order":0,"comment_status":"closed","ping_status":"closed","template":"elementor_header_footer","meta":{"footnotes":""},"class_list":["post-527","page","type-page","status-publish","hentry"],"_links":{"self":[{"href":"https:\/\/www.luismborges.com\/maee\/wp-json\/wp\/v2\/pages\/527","targetHints":{"allow":["GET"]}}],"collection":[{"href":"https:\/\/www.luismborges.com\/maee\/wp-json\/wp\/v2\/pages"}],"about":[{"href":"https:\/\/www.luismborges.com\/maee\/wp-json\/wp\/v2\/types\/page"}],"author":[{"embeddable":true,"href":"https:\/\/www.luismborges.com\/maee\/wp-json\/wp\/v2\/users\/1"}],"replies":[{"embeddable":true,"href":"https:\/\/www.luismborges.com\/maee\/wp-json\/wp\/v2\/comments?post=527"}],"version-history":[{"count":11,"href":"https:\/\/www.luismborges.com\/maee\/wp-json\/wp\/v2\/pages\/527\/revisions"}],"predecessor-version":[{"id":580,"href":"https:\/\/www.luismborges.com\/maee\/wp-json\/wp\/v2\/pages\/527\/revisions\/580"}],"wp:attachment":[{"href":"https:\/\/www.luismborges.com\/maee\/wp-json\/wp\/v2\/media?parent=527"}],"curies":[{"name":"wp","href":"https:\/\/api.w.org\/{rel}","templated":true}]}}