{"id":427,"date":"2019-08-06T01:47:35","date_gmt":"2019-08-06T00:47:35","guid":{"rendered":"https:\/\/luismborges.com\/maee\/?page_id=427"},"modified":"2020-02-21T16:27:46","modified_gmt":"2020-02-21T16:27:46","slug":"artigos","status":"publish","type":"page","link":"https:\/\/www.luismborges.com\/maee\/artigos\/","title":{"rendered":"Artigos"},"content":{"rendered":"\t\t<div data-elementor-type=\"wp-post\" data-elementor-id=\"427\" class=\"elementor elementor-427\">\n\t\t\t\t\t\t<section class=\"elementor-section elementor-top-section elementor-element elementor-element-0293695 elementor-section-boxed elementor-section-height-default elementor-section-height-default\" data-id=\"0293695\" data-element_type=\"section\">\n\t\t\t\t\t\t<div class=\"elementor-container elementor-column-gap-default\">\n\t\t\t\t\t<div class=\"elementor-column elementor-col-100 elementor-top-column elementor-element elementor-element-8010017\" data-id=\"8010017\" data-element_type=\"column\">\n\t\t\t<div class=\"elementor-widget-wrap elementor-element-populated\">\n\t\t\t\t\t\t<div class=\"elementor-element elementor-element-14423f3 elementor-invisible elementor-widget elementor-widget-heading\" data-id=\"14423f3\" data-element_type=\"widget\" data-settings=\"{&quot;_animation&quot;:&quot;fadeIn&quot;}\" data-widget_type=\"heading.default\">\n\t\t\t\t<div class=\"elementor-widget-container\">\n\t\t\t\t\t<h2 class=\"elementor-heading-title elementor-size-default\"><br><strong style=\"font-size: 36px;white-space: normal\">Artigos:<\/strong><\/h2>\t\t\t\t<\/div>\n\t\t\t\t<\/div>\n\t\t\t\t<div class=\"elementor-element elementor-element-061c922 elementor-invisible elementor-widget elementor-widget-text-editor\" data-id=\"061c922\" data-element_type=\"widget\" data-settings=\"{&quot;_animation&quot;:&quot;fadeIn&quot;}\" data-widget_type=\"text-editor.default\">\n\t\t\t\t<div class=\"elementor-widget-container\">\n\t\t\t\t\t\t\t\t\t<p>Pacheco, J. A., &amp; Maia, I. B. (2019). Avalia\u00e7\u00e3o das aprendizagens no contexto de pol\u00edticas curriculares de <em>accountability<\/em>. <em>Linhas Cr\u00edticas, 25<\/em>, 133-152. doi: 10.26512\/lc.v25i0.23778<\/p><p>Maia, I. B, &amp; Pacheco, J. A. (2019). Gest\u00e3o curricular baseada em resultados e standards e seus efeitos na avalia\u00e7\u00e3o institucional. <em>Laplage em Revista, 5<\/em>, n.\u00ba Especial, 18-30. doi: https:\/\/doi.org\/10.24115\/S2446-622020195especial775p.18-30<\/p><p>\u00a0<\/p><p>\u00a0<\/p>\t\t\t\t\t\t\t\t<\/div>\n\t\t\t\t<\/div>\n\t\t\t\t\t<\/div>\n\t\t<\/div>\n\t\t\t\t\t<\/div>\n\t\t<\/section>\n\t\t\t\t<\/div>\n\t\t","protected":false},"excerpt":{"rendered":"<p>Artigos: Pacheco, J. A., &amp; Maia, I. B. (2019). Avalia\u00e7\u00e3o das aprendizagens no contexto de pol\u00edticas curriculares de accountability. Linhas Cr\u00edticas, 25, 133-152. doi: 10.26512\/lc.v25i0.23778 Maia, I. B, &amp; Pacheco, J. A. (2019). Gest\u00e3o curricular baseada em resultados e standards e seus efeitos na avalia\u00e7\u00e3o institucional. Laplage em Revista, 5, n.\u00ba Especial, 18-30. doi: https:\/\/doi.org\/10.24115\/S2446-622020195especial775p.18-30 [&hellip;]<\/p>\n","protected":false},"author":1,"featured_media":0,"parent":0,"menu_order":0,"comment_status":"closed","ping_status":"closed","template":"elementor_header_footer","meta":{"footnotes":""},"class_list":["post-427","page","type-page","status-publish","hentry"],"_links":{"self":[{"href":"https:\/\/www.luismborges.com\/maee\/wp-json\/wp\/v2\/pages\/427","targetHints":{"allow":["GET"]}}],"collection":[{"href":"https:\/\/www.luismborges.com\/maee\/wp-json\/wp\/v2\/pages"}],"about":[{"href":"https:\/\/www.luismborges.com\/maee\/wp-json\/wp\/v2\/types\/page"}],"author":[{"embeddable":true,"href":"https:\/\/www.luismborges.com\/maee\/wp-json\/wp\/v2\/users\/1"}],"replies":[{"embeddable":true,"href":"https:\/\/www.luismborges.com\/maee\/wp-json\/wp\/v2\/comments?post=427"}],"version-history":[{"count":12,"href":"https:\/\/www.luismborges.com\/maee\/wp-json\/wp\/v2\/pages\/427\/revisions"}],"predecessor-version":[{"id":575,"href":"https:\/\/www.luismborges.com\/maee\/wp-json\/wp\/v2\/pages\/427\/revisions\/575"}],"wp:attachment":[{"href":"https:\/\/www.luismborges.com\/maee\/wp-json\/wp\/v2\/media?parent=427"}],"curies":[{"name":"wp","href":"https:\/\/api.w.org\/{rel}","templated":true}]}}