{"id":142,"date":"2019-05-14T15:19:44","date_gmt":"2019-05-14T14:19:44","guid":{"rendered":"https:\/\/luismborges.com\/maee\/?page_id=142"},"modified":"2019-08-06T02:17:03","modified_gmt":"2019-08-06T01:17:03","slug":"projeto-fct","status":"publish","type":"page","link":"https:\/\/www.luismborges.com\/maee\/","title":{"rendered":"Projeto FCT"},"content":{"rendered":"\t\t<div data-elementor-type=\"wp-post\" data-elementor-id=\"142\" class=\"elementor elementor-142\">\n\t\t\t\t\t\t<section class=\"elementor-section elementor-top-section elementor-element elementor-element-5fc41d7 elementor-section-boxed elementor-section-height-default elementor-section-height-default\" data-id=\"5fc41d7\" data-element_type=\"section\">\n\t\t\t\t\t\t<div class=\"elementor-container elementor-column-gap-default\">\n\t\t\t\t\t<div class=\"elementor-column elementor-col-50 elementor-top-column elementor-element elementor-element-9901166\" data-id=\"9901166\" data-element_type=\"column\" data-settings=\"{&quot;background_background&quot;:&quot;classic&quot;}\">\n\t\t\t<div class=\"elementor-widget-wrap elementor-element-populated\">\n\t\t\t\t\t\t<div class=\"elementor-element elementor-element-0ce4091 elementor-invisible elementor-widget elementor-widget-spacer\" data-id=\"0ce4091\" data-element_type=\"widget\" data-settings=\"{&quot;_animation&quot;:&quot;fadeIn&quot;}\" data-widget_type=\"spacer.default\">\n\t\t\t\t<div class=\"elementor-widget-container\">\n\t\t\t\t\t\t\t<div class=\"elementor-spacer\">\n\t\t\t<div class=\"elementor-spacer-inner\"><\/div>\n\t\t<\/div>\n\t\t\t\t\t\t<\/div>\n\t\t\t\t<\/div>\n\t\t\t\t<div class=\"elementor-element elementor-element-483f306 elementor-invisible elementor-widget elementor-widget-heading\" data-id=\"483f306\" data-element_type=\"widget\" data-settings=\"{&quot;_animation&quot;:&quot;fadeIn&quot;}\" data-widget_type=\"heading.default\">\n\t\t\t\t<div class=\"elementor-widget-container\">\n\t\t\t\t\t<h2 class=\"elementor-heading-title elementor-size-default\">Projeto FCT<\/h2>\t\t\t\t<\/div>\n\t\t\t\t<\/div>\n\t\t\t\t<div class=\"elementor-element elementor-element-f360404 elementor-invisible elementor-widget elementor-widget-text-editor\" data-id=\"f360404\" data-element_type=\"widget\" data-settings=\"{&quot;_animation&quot;:&quot;fadeIn&quot;}\" data-widget_type=\"text-editor.default\">\n\t\t\t\t<div class=\"elementor-widget-container\">\n\t\t\t\t\t\t\t\t\t<p style=\"text-align: center;\"><span style=\"color: #ffffff;\"><strong>Designa\u00e7\u00e3o do projeto<\/strong> | MAEE .: Mecanismos de mudan\u00e7a nas escolas e na inspe\u00e7\u00e3o. Um estudo sobre o 3\u00ba ciclo de Avalia\u00e7\u00e3o Externa de Escolas no Ensino N\u00e3o Superior, em Portugal.<\/span><\/p><p style=\"text-align: center;\"><span style=\"color: #ffffff;\"><strong>C\u00f3digo do projecto<\/strong> | PTDC\/CED-EDG\/30410\/2017<\/span><\/p>\t\t\t\t\t\t\t\t<\/div>\n\t\t\t\t<\/div>\n\t\t\t\t<div class=\"elementor-element elementor-element-fde04e8 elementor-button-info elementor-align-center elementor-invisible elementor-widget elementor-widget-button\" data-id=\"fde04e8\" data-element_type=\"widget\" data-settings=\"{&quot;_animation&quot;:&quot;fadeIn&quot;}\" data-widget_type=\"button.default\">\n\t\t\t\t<div class=\"elementor-widget-container\">\n\t\t\t\t\t\t\t\t\t<div class=\"elementor-button-wrapper\">\n\t\t\t\t\t<a class=\"elementor-button elementor-button-link elementor-size-sm\" href=\"http:\/\/projeto-fct-txt-completo\">\n\t\t\t\t\t\t<span class=\"elementor-button-content-wrapper\">\n\t\t\t\t\t\t<span class=\"elementor-button-icon\">\n\t\t\t\t\t\t\t\t\t<i class=\"fa fa-arrow-circle-o-right\" aria-hidden=\"true\"><\/i>\n\t\t\t\t\t\t\t<\/span>\n\t\t\t\t\t\t\t\t\t<span class=\"elementor-button-text\">Ler mais<\/span>\n\t\t\t\t\t<\/span>\n\t\t\t\t\t<\/a>\n\t\t\t\t<\/div>\n\t\t\t\t\t\t\t\t<\/div>\n\t\t\t\t<\/div>\n\t\t\t\t\t<\/div>\n\t\t<\/div>\n\t\t\t\t<div class=\"elementor-column elementor-col-50 elementor-top-column elementor-element elementor-element-4840023\" data-id=\"4840023\" data-element_type=\"column\">\n\t\t\t<div class=\"elementor-widget-wrap elementor-element-populated\">\n\t\t\t\t\t\t<div class=\"elementor-element elementor-element-b76247e elementor-invisible elementor-widget elementor-widget-image\" data-id=\"b76247e\" data-element_type=\"widget\" data-settings=\"{&quot;_animation&quot;:&quot;fadeIn&quot;}\" data-widget_type=\"image.default\">\n\t\t\t\t<div class=\"elementor-widget-container\">\n\t\t\t\t\t\t\t\t\t\t\t\t\t\t\t<img decoding=\"async\" src=\"https:\/\/www.luismborges.com\/maee\/wp-content\/uploads\/elementor\/thumbs\/escola_logos3-obukluwm7dlr31exskjsz20w8p2gjmpcfggoobbg28.jpg\" title=\"escola_logos3\" alt=\"escola_logos3\" loading=\"lazy\" \/>\t\t\t\t\t\t\t\t\t\t\t\t\t\t\t<\/div>\n\t\t\t\t<\/div>\n\t\t\t\t\t<\/div>\n\t\t<\/div>\n\t\t\t\t\t<\/div>\n\t\t<\/section>\n\t\t\t\t<\/div>\n\t\t","protected":false},"excerpt":{"rendered":"<p>Projeto FCT Designa\u00e7\u00e3o do projeto | MAEE .: Mecanismos de mudan\u00e7a nas escolas e na inspe\u00e7\u00e3o. Um estudo sobre o 3\u00ba ciclo de Avalia\u00e7\u00e3o Externa de Escolas no Ensino N\u00e3o Superior, em Portugal. C\u00f3digo do projecto | PTDC\/CED-EDG\/30410\/2017 Ler mais<\/p>\n","protected":false},"author":1,"featured_media":0,"parent":0,"menu_order":0,"comment_status":"closed","ping_status":"closed","template":"elementor_header_footer","meta":{"footnotes":""},"class_list":["post-142","page","type-page","status-publish","hentry"],"_links":{"self":[{"href":"https:\/\/www.luismborges.com\/maee\/wp-json\/wp\/v2\/pages\/142","targetHints":{"allow":["GET"]}}],"collection":[{"href":"https:\/\/www.luismborges.com\/maee\/wp-json\/wp\/v2\/pages"}],"about":[{"href":"https:\/\/www.luismborges.com\/maee\/wp-json\/wp\/v2\/types\/page"}],"author":[{"embeddable":true,"href":"https:\/\/www.luismborges.com\/maee\/wp-json\/wp\/v2\/users\/1"}],"replies":[{"embeddable":true,"href":"https:\/\/www.luismborges.com\/maee\/wp-json\/wp\/v2\/comments?post=142"}],"version-history":[{"count":42,"href":"https:\/\/www.luismborges.com\/maee\/wp-json\/wp\/v2\/pages\/142\/revisions"}],"predecessor-version":[{"id":455,"href":"https:\/\/www.luismborges.com\/maee\/wp-json\/wp\/v2\/pages\/142\/revisions\/455"}],"wp:attachment":[{"href":"https:\/\/www.luismborges.com\/maee\/wp-json\/wp\/v2\/media?parent=142"}],"curies":[{"name":"wp","href":"https:\/\/api.w.org\/{rel}","templated":true}]}}