{"id":10,"date":"2019-04-16T02:16:23","date_gmt":"2019-04-16T01:16:23","guid":{"rendered":"https:\/\/luismborges.com\/maee\/?page_id=10"},"modified":"2020-02-21T16:32:33","modified_gmt":"2020-02-21T16:32:33","slug":"seminarios","status":"publish","type":"page","link":"https:\/\/www.luismborges.com\/maee\/seminarios\/","title":{"rendered":"Semin\u00e1rios"},"content":{"rendered":"\t\t<div data-elementor-type=\"wp-post\" data-elementor-id=\"10\" class=\"elementor elementor-10\">\n\t\t\t\t\t\t<section class=\"elementor-section elementor-top-section elementor-element elementor-element-83febb3 elementor-section-boxed elementor-section-height-default elementor-section-height-default\" data-id=\"83febb3\" data-element_type=\"section\">\n\t\t\t\t\t\t<div class=\"elementor-container elementor-column-gap-default\">\n\t\t\t\t\t<div class=\"elementor-column elementor-col-100 elementor-top-column elementor-element elementor-element-d562741\" data-id=\"d562741\" data-element_type=\"column\">\n\t\t\t<div class=\"elementor-widget-wrap elementor-element-populated\">\n\t\t\t\t\t\t<div class=\"elementor-element elementor-element-5aa6926 elementor-invisible elementor-widget elementor-widget-heading\" data-id=\"5aa6926\" data-element_type=\"widget\" data-settings=\"{&quot;_animation&quot;:&quot;fadeIn&quot;}\" data-widget_type=\"heading.default\">\n\t\t\t\t<div class=\"elementor-widget-container\">\n\t\t\t\t\t<h2 class=\"elementor-heading-title elementor-size-default\"><br><strong style=\"font-size: 36px;white-space: normal\">II Semin\u00e1rio<\/strong><\/h2>\t\t\t\t<\/div>\n\t\t\t\t<\/div>\n\t\t\t\t<div class=\"elementor-element elementor-element-067c1d1 animated-slow elementor-invisible elementor-widget elementor-widget-text-editor\" data-id=\"067c1d1\" data-element_type=\"widget\" data-settings=\"{&quot;_animation&quot;:&quot;fadeIn&quot;,&quot;_animation_delay&quot;:200}\" data-widget_type=\"text-editor.default\">\n\t\t\t\t<div class=\"elementor-widget-container\">\n\t\t\t\t\t\t\t\t\t<p>No \u00e2mbito do Projeto de Investiga\u00e7\u00e3o financiado pela Funda\u00e7\u00e3o para a Ci\u00eancia e a Tecnologia (PTDC\/CED-EDG\/30410\/2017) \u201cMecanismos de mudan\u00e7a nas escolas e na inspe\u00e7\u00e3o. Um estudo sobre o 3\u00ba ciclo de Avalia\u00e7\u00e3o Externa de Escolas no Ensino n\u00e3o Superior, em Portugal&#8221; (MAEE), a equipa de investigadores realiza o II Semin\u00e1rio sobre Avalia\u00e7\u00e3o Externa de Escolas (AEE), no dia 7 de mar\u00e7o de 2020, na Faculdade de Psicologia e de Ci\u00eancias da Educa\u00e7\u00e3o da Universidade de Coimbra. O II Semin\u00e1rio MAEE tem por objetivos promover a reflex\u00e3o sobre as mudan\u00e7as que ocorreram nas escolas na sequ\u00eancia da AEE, na perspetiva de avaliadores e avaliados, e dar conta da evolu\u00e7\u00e3o do quadro de refer\u00eancia e da metodologia em tr\u00eas ciclos avaliativos.<\/p>\t\t\t\t\t\t\t\t<\/div>\n\t\t\t\t<\/div>\n\t\t\t\t<div class=\"elementor-element elementor-element-620bc12 animated-slow elementor-arrows-position-inside elementor-pagination-position-outside elementor-invisible elementor-widget elementor-widget-image-carousel\" data-id=\"620bc12\" data-element_type=\"widget\" data-settings=\"{&quot;slides_to_show&quot;:&quot;1&quot;,&quot;_animation&quot;:&quot;fadeIn&quot;,&quot;_animation_delay&quot;:400,&quot;navigation&quot;:&quot;both&quot;,&quot;autoplay&quot;:&quot;yes&quot;,&quot;pause_on_hover&quot;:&quot;yes&quot;,&quot;pause_on_interaction&quot;:&quot;yes&quot;,&quot;autoplay_speed&quot;:5000,&quot;infinite&quot;:&quot;yes&quot;,&quot;effect&quot;:&quot;slide&quot;,&quot;speed&quot;:500}\" data-widget_type=\"image-carousel.default\">\n\t\t\t\t<div class=\"elementor-widget-container\">\n\t\t\t\t\t\t\t<div class=\"elementor-image-carousel-wrapper swiper\" role=\"region\" aria-roledescription=\"carousel\" aria-label=\"Carrossel de imagens\" dir=\"ltr\">\n\t\t\t<div class=\"elementor-image-carousel swiper-wrapper\" aria-live=\"off\">\n\t\t\t\t\t\t\t\t<div class=\"swiper-slide\" role=\"group\" aria-roledescription=\"slide\" aria-label=\"1 of 2\"><a data-elementor-open-lightbox=\"yes\" data-elementor-lightbox-slideshow=\"620bc12\" data-elementor-lightbox-title=\"Cartaz_coimbra\" data-e-action-hash=\"#elementor-action%3Aaction%3Dlightbox%26settings%3DeyJpZCI6NDg0LCJ1cmwiOiJodHRwczpcL1wvd3d3Lmx1aXNtYm9yZ2VzLmNvbVwvbWFlZVwvd3AtY29udGVudFwvdXBsb2Fkc1wvMjAyMFwvMDJcL0NhcnRhel9jb2ltYnJhLmpwZyIsInNsaWRlc2hvdyI6IjYyMGJjMTIifQ%3D%3D\" href=\"https:\/\/www.luismborges.com\/maee\/wp-content\/uploads\/2020\/02\/Cartaz_coimbra.jpg\"><figure class=\"swiper-slide-inner\"><img decoding=\"async\" class=\"swiper-slide-image\" src=\"https:\/\/www.luismborges.com\/maee\/wp-content\/uploads\/elementor\/thumbs\/Cartaz_coimbra-olgb5zlh0vngznx700t4a749sprczouaoi7fexu4xk.jpg\" alt=\"Cartaz_coimbra\" \/><\/figure><\/a><\/div><div class=\"swiper-slide\" role=\"group\" aria-roledescription=\"slide\" aria-label=\"2 of 2\"><a data-elementor-open-lightbox=\"yes\" data-elementor-lightbox-slideshow=\"620bc12\" data-elementor-lightbox-title=\"programa_maee_site\" data-e-action-hash=\"#elementor-action%3Aaction%3Dlightbox%26settings%3DeyJpZCI6NTY3LCJ1cmwiOiJodHRwczpcL1wvd3d3Lmx1aXNtYm9yZ2VzLmNvbVwvbWFlZVwvd3AtY29udGVudFwvdXBsb2Fkc1wvMjAyMFwvMDJcL3Byb2dyYW1hX21hZWVfc2l0ZS5qcGciLCJzbGlkZXNob3ciOiI2MjBiYzEyIn0%3D\" href=\"https:\/\/www.luismborges.com\/maee\/wp-content\/uploads\/2020\/02\/programa_maee_site.jpg\"><figure class=\"swiper-slide-inner\"><img decoding=\"async\" class=\"swiper-slide-image\" src=\"https:\/\/www.luismborges.com\/maee\/wp-content\/uploads\/elementor\/thumbs\/programa_maee_site-oli27u6ws6wlceu6o6e4geq3rlyiqtzkr7whrsb3aw.jpg\" alt=\"programa_maee_site\" \/><\/figure><\/a><\/div>\t\t\t<\/div>\n\t\t\t\t\t\t\t\t\t\t\t\t<div class=\"elementor-swiper-button elementor-swiper-button-prev\" role=\"button\" tabindex=\"0\">\n\t\t\t\t\t\t<i aria-hidden=\"true\" class=\"eicon-chevron-left\"><\/i>\t\t\t\t\t<\/div>\n\t\t\t\t\t<div class=\"elementor-swiper-button elementor-swiper-button-next\" role=\"button\" tabindex=\"0\">\n\t\t\t\t\t\t<i aria-hidden=\"true\" class=\"eicon-chevron-right\"><\/i>\t\t\t\t\t<\/div>\n\t\t\t\t\n\t\t\t\t\t\t\t\t\t<div class=\"swiper-pagination\"><\/div>\n\t\t\t\t\t\t\t\t\t<\/div>\n\t\t\t\t\t\t<\/div>\n\t\t\t\t<\/div>\n\t\t\t\t<div class=\"elementor-element elementor-element-9f3c7fb elementor-invisible elementor-widget elementor-widget-heading\" data-id=\"9f3c7fb\" data-element_type=\"widget\" data-settings=\"{&quot;_animation&quot;:&quot;fadeIn&quot;}\" data-widget_type=\"heading.default\">\n\t\t\t\t<div class=\"elementor-widget-container\">\n\t\t\t\t\t<h2 class=\"elementor-heading-title elementor-size-default\"><strong style=\"font-size: 36px;white-space: normal\">I Semin\u00e1rio<\/strong><\/h2>\t\t\t\t<\/div>\n\t\t\t\t<\/div>\n\t\t\t\t<div class=\"elementor-element elementor-element-9ffb8b6 animated-slow elementor-pagination-position-outside elementor-invisible elementor-widget elementor-widget-image-carousel\" data-id=\"9ffb8b6\" data-element_type=\"widget\" data-settings=\"{&quot;slides_to_show&quot;:&quot;1&quot;,&quot;navigation&quot;:&quot;dots&quot;,&quot;_animation&quot;:&quot;fadeIn&quot;,&quot;_animation_delay&quot;:200,&quot;autoplay&quot;:&quot;yes&quot;,&quot;pause_on_hover&quot;:&quot;yes&quot;,&quot;pause_on_interaction&quot;:&quot;yes&quot;,&quot;autoplay_speed&quot;:5000,&quot;infinite&quot;:&quot;yes&quot;,&quot;effect&quot;:&quot;slide&quot;,&quot;speed&quot;:500}\" data-widget_type=\"image-carousel.default\">\n\t\t\t\t<div class=\"elementor-widget-container\">\n\t\t\t\t\t\t\t<div class=\"elementor-image-carousel-wrapper swiper\" role=\"region\" aria-roledescription=\"carousel\" aria-label=\"Carrossel de imagens\" dir=\"ltr\">\n\t\t\t<div class=\"elementor-image-carousel swiper-wrapper\" aria-live=\"off\">\n\t\t\t\t\t\t\t\t<div class=\"swiper-slide\" role=\"group\" aria-roledescription=\"slide\" aria-label=\"1 of 1\"><a data-elementor-open-lightbox=\"yes\" data-elementor-lightbox-slideshow=\"9ffb8b6\" data-elementor-lightbox-title=\"Cartaz_Braga\" data-e-action-hash=\"#elementor-action%3Aaction%3Dlightbox%26settings%3DeyJpZCI6NDg1LCJ1cmwiOiJodHRwczpcL1wvd3d3Lmx1aXNtYm9yZ2VzLmNvbVwvbWFlZVwvd3AtY29udGVudFwvdXBsb2Fkc1wvMjAyMFwvMDJcL0NhcnRhel9CcmFnYS5qcGciLCJzbGlkZXNob3ciOiI5ZmZiOGI2In0%3D\" href=\"https:\/\/www.luismborges.com\/maee\/wp-content\/uploads\/2020\/02\/Cartaz_Braga.jpg\"><figure class=\"swiper-slide-inner\"><img decoding=\"async\" class=\"swiper-slide-image\" src=\"https:\/\/www.luismborges.com\/maee\/wp-content\/uploads\/elementor\/thumbs\/Cartaz_Braga-olgb8e2mhmxunsfkz26snlaog5x4nudloe83ke9x14.jpg\" alt=\"Cartaz_Braga\" \/><\/figure><\/a><\/div>\t\t\t<\/div>\n\t\t\t\t\t<\/div>\n\t\t\t\t\t\t<\/div>\n\t\t\t\t<\/div>\n\t\t\t\t\t<\/div>\n\t\t<\/div>\n\t\t\t\t\t<\/div>\n\t\t<\/section>\n\t\t\t\t<\/div>\n\t\t","protected":false},"excerpt":{"rendered":"<p>II Semin\u00e1rio No \u00e2mbito do Projeto de Investiga\u00e7\u00e3o financiado pela Funda\u00e7\u00e3o para a Ci\u00eancia e a Tecnologia (PTDC\/CED-EDG\/30410\/2017) \u201cMecanismos de mudan\u00e7a nas escolas e na inspe\u00e7\u00e3o. Um estudo sobre o 3\u00ba ciclo de Avalia\u00e7\u00e3o Externa de Escolas no Ensino n\u00e3o Superior, em Portugal&#8221; (MAEE), a equipa de investigadores realiza o II Semin\u00e1rio sobre Avalia\u00e7\u00e3o Externa [&hellip;]<\/p>\n","protected":false},"author":1,"featured_media":0,"parent":0,"menu_order":0,"comment_status":"closed","ping_status":"closed","template":"elementor_header_footer","meta":{"footnotes":""},"class_list":["post-10","page","type-page","status-publish","hentry"],"_links":{"self":[{"href":"https:\/\/www.luismborges.com\/maee\/wp-json\/wp\/v2\/pages\/10","targetHints":{"allow":["GET"]}}],"collection":[{"href":"https:\/\/www.luismborges.com\/maee\/wp-json\/wp\/v2\/pages"}],"about":[{"href":"https:\/\/www.luismborges.com\/maee\/wp-json\/wp\/v2\/types\/page"}],"author":[{"embeddable":true,"href":"https:\/\/www.luismborges.com\/maee\/wp-json\/wp\/v2\/users\/1"}],"replies":[{"embeddable":true,"href":"https:\/\/www.luismborges.com\/maee\/wp-json\/wp\/v2\/comments?post=10"}],"version-history":[{"count":48,"href":"https:\/\/www.luismborges.com\/maee\/wp-json\/wp\/v2\/pages\/10\/revisions"}],"predecessor-version":[{"id":587,"href":"https:\/\/www.luismborges.com\/maee\/wp-json\/wp\/v2\/pages\/10\/revisions\/587"}],"wp:attachment":[{"href":"https:\/\/www.luismborges.com\/maee\/wp-json\/wp\/v2\/media?parent=10"}],"curies":[{"name":"wp","href":"https:\/\/api.w.org\/{rel}","templated":true}]}}